{"id":3,"date":"2026-02-16T17:24:16","date_gmt":"2026-02-16T17:24:16","guid":{"rendered":"http:\/\/mktohtf.cluster121.hosting.ovh.net\/?page_id=3"},"modified":"2026-02-17T09:39:09","modified_gmt":"2026-02-17T08:39:09","slug":"mentions-legales","status":"publish","type":"page","link":"https:\/\/laconciergeriedelouise.com\/en_gb\/mentions-legales\/","title":{"rendered":"Legal notice"},"content":{"rendered":"\n<style>\n.hero-slider-wrapper {\n  position: relative;\n  width: 100vw !important;\n  max-width: 100vw !important;\n  left: 0 !important;\n  right: 0 !important;\n  margin-left: calc(-50vw + 50%) !important;\n  margin-right: calc(-50vw + 50%) !important;\n  margin-top: -200px;\n  padding-top: 200px;\n  height: 60vh;\n  overflow: hidden;\n}\n.hero-slider-wrapper .slide {\n  position: absolute;\n  top: 0;\n  left: 0;\n  width: 100%;\n  height: 100%;\n  opacity: 0;\n  transition: opacity 1.5s ease-in-out;\n  background-size: cover;\n  background-position: center;\n}\n.hero-slider-wrapper .slide.active {\n  opacity: 1;\n}\n.hero-slider-wrapper .overlay {\n  position: absolute;\n  top: 0;\n  left: 0;\n  width: 100%;\n  height: 100%;\n  background: rgba(0,0,0,0.4);\n  display: flex;\n  flex-direction: column;\n  justify-content: center;\n  align-items: center;\n  text-align: center;\n  padding: 20px;\n  padding-top: 80px;\n  z-index: 2;\n}\n.hero-slider-wrapper .overlay h1 {\n  color: white;\n  font-size: 3rem;\n  font-family: 'Playfair Display', serif;\n  font-style: italic;\n  margin-bottom: 10px;\n  text-shadow: 2px 2px 4px rgba(0,0,0,0.3);\n}\n.hero-slider-wrapper .overlay p {\n  color: white;\n  font-size: 1.2rem;\n  text-shadow: 1px 1px 2px rgba(0,0,0,0.3);\n}\n\n\/* Contact section *\/\n.contact-page {\n  max-width: 1200px;\n  margin: 50px auto;\n  padding: 0 20px;\n  display: flex;\n  gap: 40px;\n  flex-wrap: wrap;\n  position: relative;\n  z-index: 10;\n}\n.contact-form {\n  flex: 1;\n  min-width: 300px;\n}\n.contact-form h2 {\n  font-size: 1.8rem;\n  color: #333;\n  margin-bottom: 10px;\n}\n.contact-form > p {\n  color: #666;\n  margin-bottom: 25px;\n  line-height: 1.6;\n}\n.contact-info {\n  flex: 1;\n  min-width: 300px;\n  padding: 30px;\n  background: #f5f0eb;\n  border-radius: 8px;\n  height: fit-content;\n}\n.contact-info h3 {\n  color: #333;\n  font-size: 1.5rem;\n  margin-bottom: 20px;\n}\n.contact-info p {\n  color: #555;\n  font-size: 1rem;\n  line-height: 1.8;\n  margin-bottom: 15px;\n}\n.contact-info a {\n  color: #5F9EA0;\n  text-decoration: none;\n}\n.contact-info a:hover {\n  text-decoration: underline;\n}\n.contact-info .icon {\n  margin-right: 8px;\n}\n.contact-form input,\n.contact-form textarea {\n  border: 2px solid #ddd !important;\n  padding: 12px !important;\n  background: #fff !important;\n  border-radius: 5px !important;\n  width: 100% !important;\n  margin-bottom: 10px !important;\n}\n.contact-form input:focus,\n.contact-form textarea:focus {\n  border-color: #5F9EA0 !important;\n  outline: none !important;\n}\n.contact-form button,\n.contact-form input[type=\"submit\"] {\n  background: #5F9EA0 !important;\n  color: white !important;\n  padding: 12px 30px !important;\n  border: none !important;\n  border-radius: 5px !important;\n  cursor: pointer;\n  font-weight: bold;\n}\n\n@media (max-width: 768px) {\n  .hero-slider-wrapper { height: 40vh; }\n  .hero-slider-wrapper .overlay h1 { font-size: 2rem; }\n  .hero-slider-wrapper .overlay p { font-size: 1rem; }\n  .contact-page { flex-direction: column; margin: 30px auto; }\n}\n<\/style>\n\n<!-- SLIDER -->\n<div class=\"hero-slider-wrapper\">\n  <div class=\"slide active\" style=\"background-image: url('https:\/\/laconciergeriedelouise.com\/wp-content\/uploads\/2026\/02\/hero-slider-1.jpg');\"><\/div>\n  <div class=\"slide\" style=\"background-image: url('https:\/\/laconciergeriedelouise.com\/wp-content\/uploads\/2026\/02\/hero-slider-2.jpg');\"><\/div>\n  <div class=\"slide\" style=\"background-image: url('https:\/\/laconciergeriedelouise.com\/wp-content\/uploads\/2026\/02\/hero-slider-3.jpg');\"><\/div>\n  <div class=\"slide\" style=\"background-image: url('https:\/\/laconciergeriedelouise.com\/wp-content\/uploads\/2026\/02\/hero-slider-4.jpg');\"><\/div>\n  <div class=\"slide\" style=\"background-image: url('https:\/\/laconciergeriedelouise.com\/wp-content\/uploads\/2026\/02\/hero-slider-5.jpg');\"><\/div>\n  <div class=\"overlay\">\n\n  <\/div>\n<\/div>\n\n<script>\n(function(){\n  var slides = document.querySelectorAll('.hero-slider-wrapper .slide');\n  var current = 0;\n  setInterval(function(){\n    slides[current].classList.remove('active');\n    current = (current + 1) % slides.length;\n    slides[current].classList.add('active');\n  }, 4000);\n})();\n<\/script>\n\n\n\n<style>\n.legal-content {\n  max-width: 900px;\n  margin: 50px auto;\n  padding: 0 20px;\n  line-height: 1.8;\n  color: #444;\n}\n.legal-content h2 {\n  color: #333;\n  font-size: 1.5rem;\n  margin-top: 40px;\n  margin-bottom: 15px;\n  padding-bottom: 8px;\n  border-bottom: 2px solid #5F9EA0;\n}\n.legal-content h3 {\n  color: #5F9EA0;\n  font-size: 1.2rem;\n  margin-top: 25px;\n  margin-bottom: 10px;\n}\n.legal-content p {\n  margin-bottom: 12px;\n  font-size: 1rem;\n}\n.legal-content ul {\n  margin-bottom: 15px;\n  padding-left: 20px;\n}\n.legal-content ul li {\n  margin-bottom: 8px;\n}\n.legal-content a {\n  color: #5F9EA0;\n  text-decoration: none;\n}\n.legal-content a:hover {\n  text-decoration: underline;\n}\n.legal-content .back-link {\n  display: inline-block;\n  background: #5F9EA0;\n  color: white;\n  padding: 12px 30px;\n  text-decoration: none;\n  border-radius: 5px;\n  margin-top: 30px;\n  font-weight: bold;\n}\n.legal-content .back-link:hover {\n  background: #4a8a8c;\n}\n@media (max-width: 768px) {\n  .hero-activity { height: 30vh; }\n  .hero-activity .hero-overlay h1 { font-size: 2rem; }\n}\n<\/style>\n\n<div class=\"legal-content\">\n\n  <h2>1. Informations l\u00e9gales<\/h2>\n  <p>Le site <strong>www.laconciergeriedelouise.com<\/strong> est \u00e9dit\u00e9 par :<\/p>\n  <p><strong>La Conciergerie de Louise<\/strong><br>Repr\u00e9sent\u00e9e par Elisabeth et Anne-Catherine<br>\n  Soci\u00e9t\u00e9 : LOC&rsquo;RE SERVICES (SARL)<br>\n  G\u00e9rante : Elisabeth Steiger<br>\n  SIREN : 885 061 713<br>\n  Adresse : Zone artisanale La Croix Michaud<br>\n  17630 La Flotte, \u00cele de R\u00e9<br>\n  T\u00e9l\u00e9phone : <a href=\"tel:+33683147674\">06 83 14 76 74<\/a><br>\n  Email : <a href=\"mailto:laconciergeriedelouise@gmail.com\">laconciergeriedelouise@gmail.com<\/a><\/p>\n\n  <h3>H\u00e9bergeur<\/h3>\n  <p>OVHcloud<br>\n  2 rue Kellermann<br>\n  59100 Roubaix, France<br>\n  <a href=\"https:\/\/www.ovhcloud.com\" target=\"_blank\" rel=\"noopener\">www.ovhcloud.com<\/a><\/p>\n\n  <h2>2. Propri\u00e9t\u00e9 intellectuelle<\/h2>\n  <p>L&rsquo;ensemble du contenu de ce site (textes, images, logos, photographies) est la propri\u00e9t\u00e9 exclusive de La Conciergerie de Louise, sauf mentions contraires. Toute reproduction, repr\u00e9sentation ou diffusion, totale ou partielle, du contenu de ce site, par quelque proc\u00e9d\u00e9 que ce soit, sans l&rsquo;autorisation expresse de La Conciergerie de Louise, est interdite et constituerait une contrefa\u00e7on sanctionn\u00e9e par les articles L.335-2 et suivants du Code de la propri\u00e9t\u00e9 intellectuelle.<\/p>\n\n  <h2>3. Limitation de responsabilit\u00e9<\/h2>\n  <p>La Conciergerie de Louise s&rsquo;efforce d&rsquo;assurer l&rsquo;exactitude des informations diffus\u00e9es sur ce site. Toutefois, elle ne peut garantir l&rsquo;exactitude, la compl\u00e9tude et l&rsquo;actualit\u00e9 des informations mises \u00e0 disposition. La Conciergerie de Louise d\u00e9cline toute responsabilit\u00e9 pour toute impr\u00e9cision, inexactitude ou omission portant sur des informations disponibles sur le site.<\/p>\n\n  <h2>4. Protection des donn\u00e9es personnelles (RGPD)<\/h2>\n\n  <h3>4.1 Responsable du traitement<\/h3>\n  <p>Le responsable du traitement des donn\u00e9es personnelles est La Conciergerie de Louise, joignable \u00e0 l&rsquo;adresse email : <a href=\"mailto:laconciergeriedelouise@gmail.com\">laconciergeriedelouise@gmail.com<\/a><\/p>\n\n  <h3>4.2 Donn\u00e9es collect\u00e9es<\/h3>\n  <p>Dans le cadre de l&rsquo;utilisation du site et notamment du formulaire de contact, nous sommes amen\u00e9s \u00e0 collecter les donn\u00e9es suivantes :<\/p>\n  <ul>\n    <li>Nom<\/li>\n    <li>Adresse email<\/li>\n    <li>Pays<\/li>\n    <li>Contenu du message<\/li>\n  <\/ul>\n\n  <h3>4.3 Finalit\u00e9 du traitement<\/h3>\n  <p>Les donn\u00e9es collect\u00e9es sont utilis\u00e9es uniquement pour :<\/p>\n  <ul>\n    <li>R\u00e9pondre \u00e0 vos demandes de contact<\/li>\n    <li>Vous fournir des informations sur nos locations et services<\/li>\n    <li>G\u00e9rer les r\u00e9servations<\/li>\n  <\/ul>\n\n  <h3>4.4 Base l\u00e9gale<\/h3>\n  <p>Le traitement de vos donn\u00e9es repose sur votre consentement (envoi volontaire du formulaire de contact) et sur l&rsquo;ex\u00e9cution de mesures pr\u00e9contractuelles (demande de r\u00e9servation).<\/p>\n\n  <h3>4.5 Dur\u00e9e de conservation<\/h3>\n  <p>Vos donn\u00e9es personnelles sont conserv\u00e9es pendant une dur\u00e9e maximale de 3 ans \u00e0 compter de votre dernier contact avec nous.<\/p>\n\n  <h3>4.6 Destinataires des donn\u00e9es<\/h3>\n  <p>Vos donn\u00e9es sont destin\u00e9es uniquement \u00e0 La Conciergerie de Louise. Elles ne sont ni vendues, ni c\u00e9d\u00e9es, ni transmises \u00e0 des tiers, sauf obligation l\u00e9gale.<\/p>\n\n  <h3>4.7 Vos droits<\/h3>\n  <p>Conform\u00e9ment au R\u00e8glement G\u00e9n\u00e9ral sur la Protection des Donn\u00e9es (RGPD), vous disposez des droits suivants :<\/p>\n  <ul>\n    <li><strong>Droit d&rsquo;acc\u00e8s<\/strong> : obtenir la confirmation que des donn\u00e9es vous concernant sont trait\u00e9es et en obtenir une copie<\/li>\n    <li><strong>Droit de rectification<\/strong> : demander la correction de donn\u00e9es inexactes<\/li>\n    <li><strong>Droit d&rsquo;effacement<\/strong> : demander la suppression de vos donn\u00e9es<\/li>\n    <li><strong>Droit d&rsquo;opposition<\/strong> : vous opposer au traitement de vos donn\u00e9es<\/li>\n    <li><strong>Droit \u00e0 la portabilit\u00e9<\/strong> : recevoir vos donn\u00e9es dans un format structur\u00e9<\/li>\n    <li><strong>Droit de limitation<\/strong> : demander la limitation du traitement<\/li>\n  <\/ul>\n  <p>Pour exercer ces droits, contactez-nous \u00e0 : <a href=\"mailto:laconciergeriedelouise@gmail.com\">laconciergeriedelouise@gmail.com<\/a><\/p>\n  <p>En cas de litige, vous pouvez introduire une r\u00e9clamation aupr\u00e8s de la CNIL : <a href=\"https:\/\/www.cnil.fr\" target=\"_blank\" rel=\"noopener\">www.cnil.fr<\/a><\/p>\n\n  <h2>5. Cookies<\/h2>\n  <p>Ce site utilise des cookies techniques n\u00e9cessaires \u00e0 son bon fonctionnement. Ces cookies ne collectent aucune donn\u00e9e personnelle \u00e0 des fins publicitaires.<\/p>\n  <p>Vous pouvez configurer votre navigateur pour refuser les cookies. Toutefois, certaines fonctionnalit\u00e9s du site pourraient ne plus \u00eatre accessibles.<\/p>\n\n  <h2>6. Liens hypertextes<\/h2>\n  <p>Le site peut contenir des liens vers d&rsquo;autres sites internet. La Conciergerie de Louise ne peut \u00eatre tenue responsable du contenu de ces sites externes.<\/p>\n\n  <h2>7. Droit applicable<\/h2>\n  <p>Les pr\u00e9sentes mentions l\u00e9gales sont soumises au droit fran\u00e7ais. En cas de litige, les tribunaux fran\u00e7ais seront seuls comp\u00e9tents.<\/p>\n\n  <p style=\"margin-top:40px; color:#999; font-size:0.9rem;\">Derni\u00e8re mise \u00e0 jour : f\u00e9vrier 2026<\/p>\n\n  <h2>8. Conception du site<\/h2>\n  <p>Ce site a \u00e9t\u00e9 con\u00e7u et d\u00e9velopp\u00e9 par <strong>RICHER SOLUTION<\/strong> \u2014 Services informatiques et d\u00e9veloppement web.<br>\n  SIRET : 539 528 042 00028<br>\n  198 bd Gabriel P\u00e9ri, 93110 Rosny-sous-Bois<\/p>\n\n  <a href=\"\/\" class=\"back-link\">\u2190 Retour \u00e0 l&rsquo;accueil<\/a>\n<\/div>\n","protected":false},"excerpt":{"rendered":"<p>1. Informations l\u00e9gales Le site www.laconciergeriedelouise.com est \u00e9dit\u00e9 par : La Conciergerie de LouiseRepr\u00e9sent\u00e9e par Elisabeth et Anne-Catherine Soci\u00e9t\u00e9 : LOC&rsquo;RE SERVICES (SARL) G\u00e9rante : Elisabeth Steiger SIREN : 885 061 713 Adresse : Zone artisanale La Croix Michaud 17630 La Flotte, \u00cele de R\u00e9 T\u00e9l\u00e9phone : 06 83 14 76 74 Email : laconciergeriedelouise@gmail.com [&hellip;]<\/p>\n","protected":false},"author":1,"featured_media":0,"parent":0,"menu_order":0,"comment_status":"closed","ping_status":"open","template":"","meta":{"_uag_custom_page_level_css":"","site-sidebar-layout":"default","site-content-layout":"","ast-site-content-layout":"default","site-content-style":"default","site-sidebar-style":"default","ast-global-header-display":"","ast-banner-title-visibility":"","ast-main-header-display":"","ast-hfb-above-header-display":"","ast-hfb-below-header-display":"","ast-hfb-mobile-header-display":"","site-post-title":"","ast-breadcrumbs-content":"","ast-featured-img":"","footer-sml-layout":"","ast-disable-related-posts":"","theme-transparent-header-meta":"","adv-header-id-meta":"","stick-header-meta":"","header-above-stick-meta":"","header-main-stick-meta":"","header-below-stick-meta":"","astra-migrate-meta-layouts":"set","ast-page-background-enabled":"default","ast-page-background-meta":{"desktop":{"background-color":"","background-image":"","background-repeat":"repeat","background-position":"center center","background-size":"auto","background-attachment":"scroll","background-type":"","background-media":"","overlay-type":"","overlay-color":"","overlay-opacity":"","overlay-gradient":""},"tablet":{"background-color":"","background-image":"","background-repeat":"repeat","background-position":"center center","background-size":"auto","background-attachment":"scroll","background-type":"","background-media":"","overlay-type":"","overlay-color":"","overlay-opacity":"","overlay-gradient":""},"mobile":{"background-color":"","background-image":"","background-repeat":"repeat","background-position":"center center","background-size":"auto","background-attachment":"scroll","background-type":"","background-media":"","overlay-type":"","overlay-color":"","overlay-opacity":"","overlay-gradient":""}},"ast-content-background-meta":{"desktop":{"background-color":"var(--ast-global-color-5)","background-image":"","background-repeat":"repeat","background-position":"center center","background-size":"auto","background-attachment":"scroll","background-type":"","background-media":"","overlay-type":"","overlay-color":"","overlay-opacity":"","overlay-gradient":""},"tablet":{"background-color":"var(--ast-global-color-5)","background-image":"","background-repeat":"repeat","background-position":"center center","background-size":"auto","background-attachment":"scroll","background-type":"","background-media":"","overlay-type":"","overlay-color":"","overlay-opacity":"","overlay-gradient":""},"mobile":{"background-color":"var(--ast-global-color-5)","background-image":"","background-repeat":"repeat","background-position":"center center","background-size":"auto","background-attachment":"scroll","background-type":"","background-media":"","overlay-type":"","overlay-color":"","overlay-opacity":"","overlay-gradient":""}},"footnotes":""},"class_list":["post-3","page","type-page","status-publish","hentry"],"uagb_featured_image_src":{"full":false,"thumbnail":false,"medium":false,"medium_large":false,"large":false,"1536x1536":false,"2048x2048":false,"trp-custom-language-flag":false},"uagb_author_info":{"display_name":"admin2760","author_link":"https:\/\/laconciergeriedelouise.com\/en_gb\/author\/admin2760\/"},"uagb_comment_info":0,"uagb_excerpt":"1. Informations l\u00e9gales Le site www.laconciergeriedelouise.com est \u00e9dit\u00e9 par : La Conciergerie de LouiseRepr\u00e9sent\u00e9e par Elisabeth et Anne-Catherine Soci\u00e9t\u00e9 : LOC&rsquo;RE SERVICES (SARL) G\u00e9rante : Elisabeth Steiger SIREN : 885 061 713 Adresse : Zone artisanale La Croix Michaud 17630 La Flotte, \u00cele de R\u00e9 T\u00e9l\u00e9phone : 06 83 14 76 74 Email : laconciergeriedelouise@gmail.com&hellip;","_links":{"self":[{"href":"https:\/\/laconciergeriedelouise.com\/en_gb\/wp-json\/wp\/v2\/pages\/3","targetHints":{"allow":["GET"]}}],"collection":[{"href":"https:\/\/laconciergeriedelouise.com\/en_gb\/wp-json\/wp\/v2\/pages"}],"about":[{"href":"https:\/\/laconciergeriedelouise.com\/en_gb\/wp-json\/wp\/v2\/types\/page"}],"author":[{"embeddable":true,"href":"https:\/\/laconciergeriedelouise.com\/en_gb\/wp-json\/wp\/v2\/users\/1"}],"replies":[{"embeddable":true,"href":"https:\/\/laconciergeriedelouise.com\/en_gb\/wp-json\/wp\/v2\/comments?post=3"}],"version-history":[{"count":8,"href":"https:\/\/laconciergeriedelouise.com\/en_gb\/wp-json\/wp\/v2\/pages\/3\/revisions"}],"predecessor-version":[{"id":1388,"href":"https:\/\/laconciergeriedelouise.com\/en_gb\/wp-json\/wp\/v2\/pages\/3\/revisions\/1388"}],"wp:attachment":[{"href":"https:\/\/laconciergeriedelouise.com\/en_gb\/wp-json\/wp\/v2\/media?parent=3"}],"curies":[{"name":"wp","href":"https:\/\/api.w.org\/{rel}","templated":true}]}}