{"id":1416,"date":"2026-04-10T23:29:45","date_gmt":"2026-04-10T21:29:45","guid":{"rendered":"https:\/\/laconciergeriedelouise.com\/?page_id=1416"},"modified":"2026-04-10T23:53:55","modified_gmt":"2026-04-10T21:53:55","slug":"partenaires","status":"publish","type":"page","link":"https:\/\/laconciergeriedelouise.com\/en_gb\/partenaires\/","title":{"rendered":"Our partners"},"content":{"rendered":"\n<style>\n.hero-slider-wrapper {\n  position: relative;\n  width: 100vw !important;\n  max-width: 100vw !important;\n  left: 0 !important;\n  right: 0 !important;\n  margin-left: calc(-50vw + 50%) !important;\n  margin-right: calc(-50vw + 50%) !important;\n  margin-top: -200px;\n  padding-top: 200px;\n  height: 60vh;\n  overflow: hidden;\n}\n.hero-slider-wrapper .slide {\n  position: absolute;\n  top: 0;\n  left: 0;\n  width: 100%;\n  height: 100%;\n  opacity: 0;\n  transition: opacity 1.5s ease-in-out;\n  background-size: cover;\n  background-position: center;\n}\n.hero-slider-wrapper .slide.active {\n  opacity: 1;\n}\n.hero-slider-wrapper .overlay {\n  position: absolute;\n  top: 0;\n  left: 0;\n  width: 100%;\n  height: 100%;\n  background: rgba(0,0,0,0.4);\n  display: flex;\n  flex-direction: column;\n  justify-content: center;\n  align-items: center;\n  text-align: center;\n  padding: 20px;\n  padding-top: 80px;\n  z-index: 2;\n}\n.hero-slider-wrapper .overlay h1 {\n  color: white;\n  font-size: 3rem;\n  font-family: 'Playfair Display', serif;\n  font-style: italic;\n  margin-bottom: 10px;\n  text-shadow: 2px 2px 4px rgba(0,0,0,0.3);\n}\n.hero-slider-wrapper .overlay p {\n  color: white;\n  font-size: 1.2rem;\n  text-shadow: 1px 1px 2px rgba(0,0,0,0.3);\n}\n\n\/* Contact section *\/\n.contact-page {\n  max-width: 1200px;\n  margin: 50px auto;\n  padding: 0 20px;\n  display: flex;\n  gap: 40px;\n  flex-wrap: wrap;\n  position: relative;\n  z-index: 10;\n}\n.contact-form {\n  flex: 1;\n  min-width: 300px;\n}\n.contact-form h2 {\n  font-size: 1.8rem;\n  color: #333;\n  margin-bottom: 10px;\n}\n.contact-form > p {\n  color: #666;\n  margin-bottom: 25px;\n  line-height: 1.6;\n}\n.contact-info {\n  flex: 1;\n  min-width: 300px;\n  padding: 30px;\n  background: #f5f0eb;\n  border-radius: 8px;\n  height: fit-content;\n}\n.contact-info h3 {\n  color: #333;\n  font-size: 1.5rem;\n  margin-bottom: 20px;\n}\n.contact-info p {\n  color: #555;\n  font-size: 1rem;\n  line-height: 1.8;\n  margin-bottom: 15px;\n}\n.contact-info a {\n  color: #5F9EA0;\n  text-decoration: none;\n}\n.contact-info a:hover {\n  text-decoration: underline;\n}\n.contact-info .icon {\n  margin-right: 8px;\n}\n.contact-form input,\n.contact-form textarea {\n  border: 2px solid #ddd !important;\n  padding: 12px !important;\n  background: #fff !important;\n  border-radius: 5px !important;\n  width: 100% !important;\n  margin-bottom: 10px !important;\n}\n.contact-form input:focus,\n.contact-form textarea:focus {\n  border-color: #5F9EA0 !important;\n  outline: none !important;\n}\n.contact-form button,\n.contact-form input[type=\"submit\"] {\n  background: #5F9EA0 !important;\n  color: white !important;\n  padding: 12px 30px !important;\n  border: none !important;\n  border-radius: 5px !important;\n  cursor: pointer;\n  font-weight: bold;\n}\n\n@media (max-width: 768px) {\n  .hero-slider-wrapper { height: 40vh; }\n  .hero-slider-wrapper .overlay h1 { font-size: 2rem; }\n  .hero-slider-wrapper .overlay p { font-size: 1rem; }\n  .contact-page { flex-direction: column; margin: 30px auto; }\n}\n<\/style>\n\n<!-- SLIDER -->\n<div class=\"hero-slider-wrapper\">\n  <div class=\"slide active\" style=\"background-image: url('https:\/\/laconciergeriedelouise.com\/wp-content\/uploads\/2026\/02\/hero-slider-1.jpg');\"><\/div>\n  <div class=\"slide\" style=\"background-image: url('https:\/\/laconciergeriedelouise.com\/wp-content\/uploads\/2026\/02\/hero-slider-2.jpg');\"><\/div>\n  <div class=\"slide\" style=\"background-image: url('https:\/\/laconciergeriedelouise.com\/wp-content\/uploads\/2026\/02\/hero-slider-3.jpg');\"><\/div>\n  <div class=\"slide\" style=\"background-image: url('https:\/\/laconciergeriedelouise.com\/wp-content\/uploads\/2026\/02\/hero-slider-4.jpg');\"><\/div>\n  <div class=\"slide\" style=\"background-image: url('https:\/\/laconciergeriedelouise.com\/wp-content\/uploads\/2026\/02\/hero-slider-5.jpg');\"><\/div>\n  <div class=\"overlay\">\n\n  <\/div>\n<\/div>\n\n<script>\n(function(){\n  var slides = document.querySelectorAll('.hero-slider-wrapper .slide');\n  var current = 0;\n  setInterval(function(){\n    slides[current].classList.remove('active');\n    current = (current + 1) % slides.length;\n    slides[current].classList.add('active');\n  }, 4000);\n})();\n<\/script>\n\n\n\n<style>\n.partenaires-content {\n  max-width: 1200px;\n  margin: 50px auto;\n  padding: 0 20px;\n}\n.partenaires-content .intro {\n  text-align: center;\n  margin-bottom: 40px;\n}\n.partenaires-content .intro h2 {\n  color: #333;\n  font-size: 1.8rem;\n  margin-bottom: 15px;\n}\n.partenaires-content .intro p {\n  color: #666;\n  font-size: 1.1rem;\n  line-height: 1.6;\n  max-width: 700px;\n  margin: 0 auto;\n}\n.partenaire-card {\n  background: #f5f0eb;\n  border-radius: 8px;\n  padding: 40px;\n  margin-bottom: 20px;\n}\n.partenaire-card h3 {\n  color: #333;\n  font-size: 1.5rem;\n  margin-top: 0;\n  margin-bottom: 15px;\n}\n.partenaire-card p {\n  color: #666;\n  font-size: 1.05rem;\n  margin-bottom: 20px;\n  line-height: 1.6;\n}\n.partenaire-card a.btn {\n  display: inline-block;\n  background: #5F9EA0;\n  color: white;\n  padding: 12px 30px;\n  text-decoration: none;\n  border-radius: 5px;\n  font-weight: bold;\n}\n.partenaire-card a.btn:hover {\n  background: #4a8a8c;\n}\n.partenaires-content .back-link {\n  display: inline-block;\n  background: #5F9EA0;\n  color: white;\n  padding: 12px 30px;\n  text-decoration: none;\n  border-radius: 5px;\n  margin-top: 30px;\n  font-weight: bold;\n}\n.partenaires-content .back-link:hover {\n  background: #4a8a8c;\n}\n<\/style>\n\n<div class=\"partenaires-content\">\n\n  <div class=\"intro\">\n    <h2>Nos partenaires<\/h2>\n    <p>La Conciergerie de Louise s&rsquo;appuie sur un r\u00e9seau de partenaires de confiance pour vous offrir la meilleure exp\u00e9rience sur l&rsquo;\u00cele de R\u00e9.<\/p>\n  <\/div>\n\n  <div class=\"partenaire-card\">\n    <h3>\ud83c\udf0a SejourThalasso.fr<\/h3>\n    <p>Plateforme sp\u00e9cialis\u00e9e dans les s\u00e9jours bien-\u00eatre et thalasso \u00e0 l&rsquo;\u00cele de R\u00e9 et sur les grandes destinations atlantiques. R\u00e9servez h\u00e9bergement et soins en direct, sans interm\u00e9diaire.<\/p>\n    <a href=\"https:\/\/www.sejourthalasso.fr\" target=\"_blank\" rel=\"noopener\" class=\"btn\">Visiter SejourThalasso.fr \u2192<\/a>\n  <\/div>\n\n  <div class=\"partenaire-card\">\n    <h3>\ud83d\udcbb RICHER SOLUTION<\/h3>\n    <p>D\u00e9veloppement web et conseil informatique \u2014 cr\u00e9ateur de ce site.<\/p>\n    <a href=\"https:\/\/www.richer-solution.com\" target=\"_blank\" rel=\"noopener\" class=\"btn\">Visiter richer-solution.com \u2192<\/a>\n  <\/div>\n\n  <a href=\"\/\" class=\"back-link\">\u2190 Retour \u00e0 l&rsquo;accueil<\/a>\n\n<\/div>\n","protected":false},"excerpt":{"rendered":"<p>Nos partenaires La Conciergerie de Louise s&rsquo;appuie sur un r\u00e9seau de partenaires de confiance pour vous offrir la meilleure exp\u00e9rience sur l&rsquo;\u00cele de R\u00e9. \ud83c\udf0a SejourThalasso.fr Plateforme sp\u00e9cialis\u00e9e dans les s\u00e9jours bien-\u00eatre et thalasso \u00e0 l&rsquo;\u00cele de R\u00e9 et sur les grandes destinations atlantiques. R\u00e9servez h\u00e9bergement et soins en direct, sans interm\u00e9diaire. Visiter SejourThalasso.fr \u2192 [&hellip;]<\/p>\n","protected":false},"author":1,"featured_media":0,"parent":0,"menu_order":0,"comment_status":"closed","ping_status":"closed","template":"","meta":{"_uag_custom_page_level_css":"","site-sidebar-layout":"default","site-content-layout":"","ast-site-content-layout":"default","site-content-style":"default","site-sidebar-style":"default","ast-global-header-display":"","ast-banner-title-visibility":"","ast-main-header-display":"","ast-hfb-above-header-display":"","ast-hfb-below-header-display":"","ast-hfb-mobile-header-display":"","site-post-title":"","ast-breadcrumbs-content":"","ast-featured-img":"","footer-sml-layout":"","ast-disable-related-posts":"","theme-transparent-header-meta":"","adv-header-id-meta":"","stick-header-meta":"","header-above-stick-meta":"","header-main-stick-meta":"","header-below-stick-meta":"","astra-migrate-meta-layouts":"set","ast-page-background-enabled":"default","ast-page-background-meta":{"desktop":{"background-color":"","background-image":"","background-repeat":"repeat","background-position":"center center","background-size":"auto","background-attachment":"scroll","background-type":"","background-media":"","overlay-type":"","overlay-color":"","overlay-opacity":"","overlay-gradient":""},"tablet":{"background-color":"","background-image":"","background-repeat":"repeat","background-position":"center center","background-size":"auto","background-attachment":"scroll","background-type":"","background-media":"","overlay-type":"","overlay-color":"","overlay-opacity":"","overlay-gradient":""},"mobile":{"background-color":"","background-image":"","background-repeat":"repeat","background-position":"center center","background-size":"auto","background-attachment":"scroll","background-type":"","background-media":"","overlay-type":"","overlay-color":"","overlay-opacity":"","overlay-gradient":""}},"ast-content-background-meta":{"desktop":{"background-color":"var(--ast-global-color-5)","background-image":"","background-repeat":"repeat","background-position":"center center","background-size":"auto","background-attachment":"scroll","background-type":"","background-media":"","overlay-type":"","overlay-color":"","overlay-opacity":"","overlay-gradient":""},"tablet":{"background-color":"var(--ast-global-color-5)","background-image":"","background-repeat":"repeat","background-position":"center center","background-size":"auto","background-attachment":"scroll","background-type":"","background-media":"","overlay-type":"","overlay-color":"","overlay-opacity":"","overlay-gradient":""},"mobile":{"background-color":"var(--ast-global-color-5)","background-image":"","background-repeat":"repeat","background-position":"center center","background-size":"auto","background-attachment":"scroll","background-type":"","background-media":"","overlay-type":"","overlay-color":"","overlay-opacity":"","overlay-gradient":""}},"footnotes":""},"class_list":["post-1416","page","type-page","status-publish","hentry"],"uagb_featured_image_src":{"full":false,"thumbnail":false,"medium":false,"medium_large":false,"large":false,"1536x1536":false,"2048x2048":false,"trp-custom-language-flag":false},"uagb_author_info":{"display_name":"admin2760","author_link":"https:\/\/laconciergeriedelouise.com\/en_gb\/author\/admin2760\/"},"uagb_comment_info":0,"uagb_excerpt":"Nos partenaires La Conciergerie de Louise s&rsquo;appuie sur un r\u00e9seau de partenaires de confiance pour vous offrir la meilleure exp\u00e9rience sur l&rsquo;\u00cele de R\u00e9. \ud83c\udf0a SejourThalasso.fr Plateforme sp\u00e9cialis\u00e9e dans les s\u00e9jours bien-\u00eatre et thalasso \u00e0 l&rsquo;\u00cele de R\u00e9 et sur les grandes destinations atlantiques. R\u00e9servez h\u00e9bergement et soins en direct, sans interm\u00e9diaire. Visiter SejourThalasso.fr \u2192&hellip;","_links":{"self":[{"href":"https:\/\/laconciergeriedelouise.com\/en_gb\/wp-json\/wp\/v2\/pages\/1416","targetHints":{"allow":["GET"]}}],"collection":[{"href":"https:\/\/laconciergeriedelouise.com\/en_gb\/wp-json\/wp\/v2\/pages"}],"about":[{"href":"https:\/\/laconciergeriedelouise.com\/en_gb\/wp-json\/wp\/v2\/types\/page"}],"author":[{"embeddable":true,"href":"https:\/\/laconciergeriedelouise.com\/en_gb\/wp-json\/wp\/v2\/users\/1"}],"replies":[{"embeddable":true,"href":"https:\/\/laconciergeriedelouise.com\/en_gb\/wp-json\/wp\/v2\/comments?post=1416"}],"version-history":[{"count":5,"href":"https:\/\/laconciergeriedelouise.com\/en_gb\/wp-json\/wp\/v2\/pages\/1416\/revisions"}],"predecessor-version":[{"id":1425,"href":"https:\/\/laconciergeriedelouise.com\/en_gb\/wp-json\/wp\/v2\/pages\/1416\/revisions\/1425"}],"wp:attachment":[{"href":"https:\/\/laconciergeriedelouise.com\/en_gb\/wp-json\/wp\/v2\/media?parent=1416"}],"curies":[{"name":"wp","href":"https:\/\/api.w.org\/{rel}","templated":true}]}}