{"id":1291,"date":"2026-02-17T05:59:15","date_gmt":"2026-02-17T04:59:15","guid":{"rendered":"http:\/\/mktohtf.cluster121.hosting.ovh.net\/?page_id=1291"},"modified":"2026-02-17T06:58:35","modified_gmt":"2026-02-17T05:58:35","slug":"experiences-gourmandes","status":"publish","type":"page","link":"https:\/\/laconciergeriedelouise.com\/en_gb\/experiences-gourmandes\/","title":{"rendered":"Dining"},"content":{"rendered":"\n<style>\n.hero-slider-wrapper {\n  position: relative;\n  width: 100vw !important;\n  max-width: 100vw !important;\n  left: 0 !important;\n  right: 0 !important;\n  margin-left: calc(-50vw + 50%) !important;\n  margin-right: calc(-50vw + 50%) !important;\n  margin-top: -200px;\n  padding-top: 200px;\n  height: 60vh;\n  overflow: hidden;\n}\n.hero-slider-wrapper .slide {\n  position: absolute;\n  top: 0;\n  left: 0;\n  width: 100%;\n  height: 100%;\n  opacity: 0;\n  transition: opacity 1.5s ease-in-out;\n  background-size: cover;\n  background-position: center;\n}\n.hero-slider-wrapper .slide.active {\n  opacity: 1;\n}\n.hero-slider-wrapper .overlay {\n  position: absolute;\n  top: 0;\n  left: 0;\n  width: 100%;\n  height: 100%;\n  background: rgba(0,0,0,0.4);\n  display: flex;\n  flex-direction: column;\n  justify-content: center;\n  align-items: center;\n  text-align: center;\n  padding: 20px;\n  padding-top: 80px;\n  z-index: 2;\n}\n.hero-slider-wrapper .overlay h1 {\n  color: white;\n  font-size: 3rem;\n  font-family: 'Playfair Display', serif;\n  font-style: italic;\n  margin-bottom: 10px;\n  text-shadow: 2px 2px 4px rgba(0,0,0,0.3);\n}\n.hero-slider-wrapper .overlay p {\n  color: white;\n  font-size: 1.2rem;\n  text-shadow: 1px 1px 2px rgba(0,0,0,0.3);\n}\n\n\/* Contact section *\/\n.contact-page {\n  max-width: 1200px;\n  margin: 50px auto;\n  padding: 0 20px;\n  display: flex;\n  gap: 40px;\n  flex-wrap: wrap;\n  position: relative;\n  z-index: 10;\n}\n.contact-form {\n  flex: 1;\n  min-width: 300px;\n}\n.contact-form h2 {\n  font-size: 1.8rem;\n  color: #333;\n  margin-bottom: 10px;\n}\n.contact-form > p {\n  color: #666;\n  margin-bottom: 25px;\n  line-height: 1.6;\n}\n.contact-info {\n  flex: 1;\n  min-width: 300px;\n  padding: 30px;\n  background: #f5f0eb;\n  border-radius: 8px;\n  height: fit-content;\n}\n.contact-info h3 {\n  color: #333;\n  font-size: 1.5rem;\n  margin-bottom: 20px;\n}\n.contact-info p {\n  color: #555;\n  font-size: 1rem;\n  line-height: 1.8;\n  margin-bottom: 15px;\n}\n.contact-info a {\n  color: #5F9EA0;\n  text-decoration: none;\n}\n.contact-info a:hover {\n  text-decoration: underline;\n}\n.contact-info .icon {\n  margin-right: 8px;\n}\n.contact-form input,\n.contact-form textarea {\n  border: 2px solid #ddd !important;\n  padding: 12px !important;\n  background: #fff !important;\n  border-radius: 5px !important;\n  width: 100% !important;\n  margin-bottom: 10px !important;\n}\n.contact-form input:focus,\n.contact-form textarea:focus {\n  border-color: #5F9EA0 !important;\n  outline: none !important;\n}\n.contact-form button,\n.contact-form input[type=\"submit\"] {\n  background: #5F9EA0 !important;\n  color: white !important;\n  padding: 12px 30px !important;\n  border: none !important;\n  border-radius: 5px !important;\n  cursor: pointer;\n  font-weight: bold;\n}\n\n@media (max-width: 768px) {\n  .hero-slider-wrapper { height: 40vh; }\n  .hero-slider-wrapper .overlay h1 { font-size: 2rem; }\n  .hero-slider-wrapper .overlay p { font-size: 1rem; }\n  .contact-page { flex-direction: column; margin: 30px auto; }\n}\n<\/style>\n\n<!-- SLIDER -->\n<div class=\"hero-slider-wrapper\">\n  <div class=\"slide active\" style=\"background-image: url('https:\/\/laconciergeriedelouise.com\/wp-content\/uploads\/2026\/02\/hero-slider-1.jpg');\"><\/div>\n  <div class=\"slide\" style=\"background-image: url('https:\/\/laconciergeriedelouise.com\/wp-content\/uploads\/2026\/02\/hero-slider-2.jpg');\"><\/div>\n  <div class=\"slide\" style=\"background-image: url('https:\/\/laconciergeriedelouise.com\/wp-content\/uploads\/2026\/02\/hero-slider-3.jpg');\"><\/div>\n  <div class=\"slide\" style=\"background-image: url('https:\/\/laconciergeriedelouise.com\/wp-content\/uploads\/2026\/02\/hero-slider-4.jpg');\"><\/div>\n  <div class=\"slide\" style=\"background-image: url('https:\/\/laconciergeriedelouise.com\/wp-content\/uploads\/2026\/02\/hero-slider-5.jpg');\"><\/div>\n  <div class=\"overlay\">\n\n  <\/div>\n<\/div>\n\n<script>\n(function(){\n  var slides = document.querySelectorAll('.hero-slider-wrapper .slide');\n  var current = 0;\n  setInterval(function(){\n    slides[current].classList.remove('active');\n    current = (current + 1) % slides.length;\n    slides[current].classList.add('active');\n  }, 4000);\n})();\n<\/script>\n\n\n\n<style>\n.hero-activity {\n  position: relative;\n  width: 100vw !important;\n  max-width: 100vw !important;\n  margin-left: calc(-50vw + 50%) !important;\n  margin-right: calc(-50vw + 50%) !important;\n  margin-top: -200px;\n  padding-top: 200px;\n  height: 60vh;\n  overflow: hidden;\n}\n.hero-activity .hero-bg {\n  position: absolute;\n  top: 0; left: 0;\n  width: 100%; height: 100%;\n  background-size: cover;\n  background-position: center;\n}\n.hero-activity .hero-overlay {\n  position: absolute;\n  top: 0; left: 0;\n  width: 100%; height: 100%;\n  background: rgba(0,0,0,0.4);\n  display: flex;\n  flex-direction: column;\n  justify-content: center;\n  align-items: center;\n  text-align: center;\n  padding: 20px;\n  padding-top: 80px;\n  z-index: 2;\n}\n.hero-activity .hero-overlay h1 {\n  color: white;\n  font-size: 3rem;\n  font-family: 'Playfair Display', serif;\n  font-style: italic;\n  margin-bottom: 10px;\n  text-shadow: 2px 2px 4px rgba(0,0,0,0.3);\n}\n.hero-activity .hero-overlay p {\n  color: white;\n  font-size: 1.2rem;\n  text-shadow: 1px 1px 2px rgba(0,0,0,0.3);\n}\n.activity-content {\n  max-width: 900px;\n  margin: 50px auto;\n  padding: 0 20px;\n  line-height: 1.8;\n  color: #444;\n}\n.activity-content .activity-image {\n  width: 100%;\n  border-radius: 8px;\n  margin-bottom: 30px;\n}\n.activity-content h2 {\n  color: #5F9EA0;\n  font-size: 1.4rem;\n  margin-top: 25px;\n  margin-bottom: 10px;\n}\n.activity-content p {\n  margin-bottom: 15px;\n  font-size: 1.05rem;\n}\n.activity-content .back-link {\n  display: inline-block;\n  background: #5F9EA0;\n  color: white;\n  padding: 12px 30px;\n  text-decoration: none;\n  border-radius: 5px;\n  margin-top: 30px;\n  font-weight: bold;\n}\n.activity-content .back-link:hover {\n  background: #4a8a8c;\n}\n@media (max-width: 768px) {\n  .hero-activity { height: 40vh; }\n  .hero-activity .hero-overlay h1 { font-size: 2rem; }\n}\n<\/style>\n\n<div class=\"activity-content\">\n  <img decoding=\"async\" src=\"https:\/\/laconciergeriedelouise.com\/wp-content\/uploads\/2026\/02\/usps-image-5-1.jpg\" alt=\"Exp\u00e9riences gourmandes sur l'\u00cele de R\u00e9\" class=\"activity-image\">\n\n  <h2>La Plage de Rivedoux<\/h2>\n  <p>Situ\u00e9 en bord de mer, ce restaurant offre une cuisine raffin\u00e9e avec des sp\u00e9cialit\u00e9s de fruits de mer, parfait pour un d\u00eener romantique.<\/p>\n\n  <h2>La Chaloupe (Rivedoux)<\/h2>\n  <p>Une adresse incontournable pour d\u00e9guster une cuisine gastronomique \u00e9labor\u00e9e \u00e0 base de produits frais.<\/p>\n\n  <h2>L&rsquo;\u00c2ne Qui TanguE (Rivedoux)<\/h2>\n  <p>Ce bistrot chaleureux propose des plats g\u00e9n\u00e9reux dans une ambiance conviviale.<\/p>\n\n  <h2>Le Chai (Sainte Marie de R\u00e9)<\/h2>\n  <p>Un lieu \u00e9l\u00e9gant avec une carte inventive qui allie tradition et modernit\u00e9.<\/p>\n\n  <h2>Le Bar \u00e0 Quai (Sainte-Marie-de-R\u00e9)<\/h2>\n  <p>Avec vue sur le port, profitez de tapas et cocktails maison dans une atmosph\u00e8re d\u00e9contract\u00e9e.<\/p>\n\n  <h2>Les Tilleuls (Sainte-Marie-de-R\u00e9)<\/h2>\n  <p>Ce restaurant champ\u00eatre est parfait pour une pause gourmande avec des plats simples et savoureux.<\/p>\n\n  <h2>Le Richelieu (La Flotte)<\/h2>\n  <p>Gastronomie et luxe s&rsquo;unissent dans cet \u00e9tablissement r\u00e9put\u00e9.<\/p>\n\n  <h2>Le Beach Bar (Le Bois Plage en R\u00e9)<\/h2>\n  <p>Ambiance estivale en bord de plage, id\u00e9al pour se d\u00e9tendre avec des snacks et boissons.<\/p>\n\n  <h2>L&rsquo;Aile de R\u00e9 (Le Bois Plage en R\u00e9)<\/h2>\n  <p>Une cuisine cr\u00e9ative mettant en valeur les produits de la mer et du terroir.<\/p>\n\n  <h2>L&rsquo;Oc\u00e9an (Le Bois Plage)<\/h2>\n  <p>Cuisine raffin\u00e9e et cadre \u00e9l\u00e9gant pour un d\u00e9jeuner ou d\u00eener de qualit\u00e9.<\/p>\n\n  <h2>Balaou (La Couarde)<\/h2>\n  <p>Restaurant m\u00e9diterran\u00e9en qui conjugue saveurs locales et cadre charmant.<\/p>\n\n  <h2>Nora (La Couarde)<\/h2>\n  <p>Parfait pour une soir\u00e9e chic avec des plats modernes et savoureux.<\/p>\n\n  <h2>La Maison (Saint-Martin-de-R\u00e9)<\/h2>\n  <p>Ce restaurant offre une exp\u00e9rience culinaire haut de gamme avec une cuisine \u00e9l\u00e9gante et un cadre sophistiqu\u00e9.<\/p>\n\n  <h2>La Cible (Saint-Martin-de-R\u00e9)<\/h2>\n  <p>Situ\u00e9 en bord de mer, ce lieu combine une cuisine d\u00e9licieuse \u00e0 base de produits frais et une vue imprenable sur l&rsquo;oc\u00e9an.<\/p>\n\n  <h2>Glacier \u00ab\u00a0La Martini\u00e8re\u00a0\u00bb (Saint-Martin-de-R\u00e9)<\/h2>\n  <p>Ce glacier r\u00e9put\u00e9 propose des cr\u00e9ations originales, id\u00e9ales pour se rafra\u00eechir.<\/p>\n\n  <a href=\"\/\" class=\"back-link\">\u2190 Retour \u00e0 l&rsquo;accueil<\/a>\n<\/div>\n\n","protected":false},"excerpt":{"rendered":"<p>La Plage de Rivedoux Situ\u00e9 en bord de mer, ce restaurant offre une cuisine raffin\u00e9e avec des sp\u00e9cialit\u00e9s de fruits de mer, parfait pour un d\u00eener romantique. La Chaloupe (Rivedoux) Une adresse incontournable pour d\u00e9guster une cuisine gastronomique \u00e9labor\u00e9e \u00e0 base de produits frais. L&rsquo;\u00c2ne Qui TanguE (Rivedoux) Ce bistrot chaleureux propose des plats g\u00e9n\u00e9reux [&hellip;]<\/p>\n","protected":false},"author":1,"featured_media":0,"parent":0,"menu_order":0,"comment_status":"closed","ping_status":"closed","template":"","meta":{"_uag_custom_page_level_css":"","site-sidebar-layout":"default","site-content-layout":"","ast-site-content-layout":"default","site-content-style":"default","site-sidebar-style":"default","ast-global-header-display":"","ast-banner-title-visibility":"","ast-main-header-display":"","ast-hfb-above-header-display":"","ast-hfb-below-header-display":"","ast-hfb-mobile-header-display":"","site-post-title":"","ast-breadcrumbs-content":"","ast-featured-img":"","footer-sml-layout":"","ast-disable-related-posts":"","theme-transparent-header-meta":"","adv-header-id-meta":"","stick-header-meta":"","header-above-stick-meta":"","header-main-stick-meta":"","header-below-stick-meta":"","astra-migrate-meta-layouts":"set","ast-page-background-enabled":"default","ast-page-background-meta":{"desktop":{"background-color":"","background-image":"","background-repeat":"repeat","background-position":"center center","background-size":"auto","background-attachment":"scroll","background-type":"","background-media":"","overlay-type":"","overlay-color":"","overlay-opacity":"","overlay-gradient":""},"tablet":{"background-color":"","background-image":"","background-repeat":"repeat","background-position":"center center","background-size":"auto","background-attachment":"scroll","background-type":"","background-media":"","overlay-type":"","overlay-color":"","overlay-opacity":"","overlay-gradient":""},"mobile":{"background-color":"","background-image":"","background-repeat":"repeat","background-position":"center center","background-size":"auto","background-attachment":"scroll","background-type":"","background-media":"","overlay-type":"","overlay-color":"","overlay-opacity":"","overlay-gradient":""}},"ast-content-background-meta":{"desktop":{"background-color":"var(--ast-global-color-5)","background-image":"","background-repeat":"repeat","background-position":"center center","background-size":"auto","background-attachment":"scroll","background-type":"","background-media":"","overlay-type":"","overlay-color":"","overlay-opacity":"","overlay-gradient":""},"tablet":{"background-color":"var(--ast-global-color-5)","background-image":"","background-repeat":"repeat","background-position":"center center","background-size":"auto","background-attachment":"scroll","background-type":"","background-media":"","overlay-type":"","overlay-color":"","overlay-opacity":"","overlay-gradient":""},"mobile":{"background-color":"var(--ast-global-color-5)","background-image":"","background-repeat":"repeat","background-position":"center center","background-size":"auto","background-attachment":"scroll","background-type":"","background-media":"","overlay-type":"","overlay-color":"","overlay-opacity":"","overlay-gradient":""}},"footnotes":""},"class_list":["post-1291","page","type-page","status-publish","hentry"],"uagb_featured_image_src":{"full":false,"thumbnail":false,"medium":false,"medium_large":false,"large":false,"1536x1536":false,"2048x2048":false,"trp-custom-language-flag":false},"uagb_author_info":{"display_name":"admin2760","author_link":"https:\/\/laconciergeriedelouise.com\/en_gb\/author\/admin2760\/"},"uagb_comment_info":0,"uagb_excerpt":"La Plage de Rivedoux Situ\u00e9 en bord de mer, ce restaurant offre une cuisine raffin\u00e9e avec des sp\u00e9cialit\u00e9s de fruits de mer, parfait pour un d\u00eener romantique. La Chaloupe (Rivedoux) Une adresse incontournable pour d\u00e9guster une cuisine gastronomique \u00e9labor\u00e9e \u00e0 base de produits frais. L&rsquo;\u00c2ne Qui TanguE (Rivedoux) Ce bistrot chaleureux propose des plats g\u00e9n\u00e9reux&hellip;","_links":{"self":[{"href":"https:\/\/laconciergeriedelouise.com\/en_gb\/wp-json\/wp\/v2\/pages\/1291","targetHints":{"allow":["GET"]}}],"collection":[{"href":"https:\/\/laconciergeriedelouise.com\/en_gb\/wp-json\/wp\/v2\/pages"}],"about":[{"href":"https:\/\/laconciergeriedelouise.com\/en_gb\/wp-json\/wp\/v2\/types\/page"}],"author":[{"embeddable":true,"href":"https:\/\/laconciergeriedelouise.com\/en_gb\/wp-json\/wp\/v2\/users\/1"}],"replies":[{"embeddable":true,"href":"https:\/\/laconciergeriedelouise.com\/en_gb\/wp-json\/wp\/v2\/comments?post=1291"}],"version-history":[{"count":2,"href":"https:\/\/laconciergeriedelouise.com\/en_gb\/wp-json\/wp\/v2\/pages\/1291\/revisions"}],"predecessor-version":[{"id":1312,"href":"https:\/\/laconciergeriedelouise.com\/en_gb\/wp-json\/wp\/v2\/pages\/1291\/revisions\/1312"}],"wp:attachment":[{"href":"https:\/\/laconciergeriedelouise.com\/en_gb\/wp-json\/wp\/v2\/media?parent=1291"}],"curies":[{"name":"wp","href":"https:\/\/api.w.org\/{rel}","templated":true}]}}