{"id":1242,"date":"2026-02-17T00:24:08","date_gmt":"2026-02-16T23:24:08","guid":{"rendered":"http:\/\/mktohtf.cluster121.hosting.ovh.net\/?page_id=1242"},"modified":"2026-02-17T07:22:21","modified_gmt":"2026-02-17T06:22:21","slug":"contactez-nous","status":"publish","type":"page","link":"https:\/\/laconciergeriedelouise.com\/en_gb\/contactez-nous\/","title":{"rendered":"Contact us"},"content":{"rendered":"\n<style>\n.hero-slider-wrapper {\n  position: relative;\n  width: 100vw !important;\n  max-width: 100vw !important;\n  left: 0 !important;\n  right: 0 !important;\n  margin-left: calc(-50vw + 50%) !important;\n  margin-right: calc(-50vw + 50%) !important;\n  margin-top: -200px;\n  padding-top: 200px;\n  height: 60vh;\n  overflow: hidden;\n}\n.hero-slider-wrapper .slide {\n  position: absolute;\n  top: 0;\n  left: 0;\n  width: 100%;\n  height: 100%;\n  opacity: 0;\n  transition: opacity 1.5s ease-in-out;\n  background-size: cover;\n  background-position: center;\n}\n.hero-slider-wrapper .slide.active {\n  opacity: 1;\n}\n.hero-slider-wrapper .overlay {\n  position: absolute;\n  top: 0;\n  left: 0;\n  width: 100%;\n  height: 100%;\n  background: rgba(0,0,0,0.4);\n  display: flex;\n  flex-direction: column;\n  justify-content: center;\n  align-items: center;\n  text-align: center;\n  padding: 20px;\n  padding-top: 80px;\n  z-index: 2;\n}\n.hero-slider-wrapper .overlay h1 {\n  color: white;\n  font-size: 3rem;\n  font-family: 'Playfair Display', serif;\n  font-style: italic;\n  margin-bottom: 10px;\n  text-shadow: 2px 2px 4px rgba(0,0,0,0.3);\n}\n.hero-slider-wrapper .overlay p {\n  color: white;\n  font-size: 1.2rem;\n  text-shadow: 1px 1px 2px rgba(0,0,0,0.3);\n}\n\n\/* Contact section *\/\n.contact-page {\n  max-width: 1200px;\n  margin: 50px auto;\n  padding: 0 20px;\n  display: flex;\n  gap: 40px;\n  flex-wrap: wrap;\n  position: relative;\n  z-index: 10;\n}\n.contact-form {\n  flex: 1;\n  min-width: 300px;\n}\n.contact-form h2 {\n  font-size: 1.8rem;\n  color: #333;\n  margin-bottom: 10px;\n}\n.contact-form > p {\n  color: #666;\n  margin-bottom: 25px;\n  line-height: 1.6;\n}\n.contact-info {\n  flex: 1;\n  min-width: 300px;\n  padding: 30px;\n  background: #f5f0eb;\n  border-radius: 8px;\n  height: fit-content;\n}\n.contact-info h3 {\n  color: #333;\n  font-size: 1.5rem;\n  margin-bottom: 20px;\n}\n.contact-info p {\n  color: #555;\n  font-size: 1rem;\n  line-height: 1.8;\n  margin-bottom: 15px;\n}\n.contact-info a {\n  color: #5F9EA0;\n  text-decoration: none;\n}\n.contact-info a:hover {\n  text-decoration: underline;\n}\n.contact-info .icon {\n  margin-right: 8px;\n}\n.contact-form input,\n.contact-form textarea {\n  border: 2px solid #ddd !important;\n  padding: 12px !important;\n  background: #fff !important;\n  border-radius: 5px !important;\n  width: 100% !important;\n  margin-bottom: 10px !important;\n}\n.contact-form input:focus,\n.contact-form textarea:focus {\n  border-color: #5F9EA0 !important;\n  outline: none !important;\n}\n.contact-form button,\n.contact-form input[type=\"submit\"] {\n  background: #5F9EA0 !important;\n  color: white !important;\n  padding: 12px 30px !important;\n  border: none !important;\n  border-radius: 5px !important;\n  cursor: pointer;\n  font-weight: bold;\n}\n\n@media (max-width: 768px) {\n  .hero-slider-wrapper { height: 40vh; }\n  .hero-slider-wrapper .overlay h1 { font-size: 2rem; }\n  .hero-slider-wrapper .overlay p { font-size: 1rem; }\n  .contact-page { flex-direction: column; margin: 30px auto; }\n}\n<\/style>\n\n<!-- SLIDER -->\n<div class=\"hero-slider-wrapper\">\n  <div class=\"slide active\" style=\"background-image: url('https:\/\/laconciergeriedelouise.com\/wp-content\/uploads\/2026\/02\/hero-slider-1.jpg');\"><\/div>\n  <div class=\"slide\" style=\"background-image: url('https:\/\/laconciergeriedelouise.com\/wp-content\/uploads\/2026\/02\/hero-slider-2.jpg');\"><\/div>\n  <div class=\"slide\" style=\"background-image: url('https:\/\/laconciergeriedelouise.com\/wp-content\/uploads\/2026\/02\/hero-slider-3.jpg');\"><\/div>\n  <div class=\"slide\" style=\"background-image: url('https:\/\/laconciergeriedelouise.com\/wp-content\/uploads\/2026\/02\/hero-slider-4.jpg');\"><\/div>\n  <div class=\"slide\" style=\"background-image: url('https:\/\/laconciergeriedelouise.com\/wp-content\/uploads\/2026\/02\/hero-slider-5.jpg');\"><\/div>\n  <div class=\"overlay\">\n\n  <\/div>\n<\/div>\n\n<script>\n(function(){\n  var slides = document.querySelectorAll('.hero-slider-wrapper .slide');\n  var current = 0;\n  setInterval(function(){\n    slides[current].classList.remove('active');\n    current = (current + 1) % slides.length;\n    slides[current].classList.add('active');\n  }, 4000);\n})();\n<\/script>\n\n\n\n<div class=\"wp-block-columns is-layout-flex wp-container-core-columns-is-layout-28f84493 wp-block-columns-is-layout-flex\">\n<div class=\"wp-block-column is-layout-flow wp-block-column-is-layout-flow\">\n<h2 class=\"wp-block-heading\">Envoyez-nous un message<\/h2>\n\n\n\n<p>Une question sur nos locations ? Un projet de mise en location de votre bien sur l&rsquo;\u00cele de R\u00e9 ? N&rsquo;h\u00e9sitez pas \u00e0 nous \u00e9crire, nous vous r\u00e9pondrons dans les plus brefs d\u00e9lais.<\/p>\n\n\n<div class=\"wpforms-container \" id=\"wpforms-1265\"><form id=\"wpforms-form-1265\" class=\"wpforms-validate wpforms-form wpforms-ajax-form\" data-formid=\"1265\" method=\"post\" enctype=\"multipart\/form-data\" action=\"\/en_gb\/wp-json\/wp\/v2\/pages\/1242\" data-token=\"009c2fb75d99dcfefbdcc97111ee538d\" data-token-time=\"1777506917\"><noscript class=\"wpforms-error-noscript\">Please enable JavaScript in your browser to complete this form.<\/noscript><div class=\"wpforms-field-container\"><div id=\"wpforms-1265-field_1-container\" class=\"wpforms-field wpforms-field-name\" data-field-id=\"1\"><label class=\"wpforms-field-label\">Nom <span class=\"wpforms-required-label\">*<\/span><\/label><div class=\"wpforms-field-row wpforms-field-medium\"><div class=\"wpforms-field-row-block wpforms-first wpforms-one-half\"><input type=\"text\" id=\"wpforms-1265-field_1\" class=\"wpforms-field-name-first wpforms-field-required\" name=\"wpforms[fields][1][first]\" required><label for=\"wpforms-1265-field_1\" class=\"wpforms-field-sublabel after\">First<\/label><\/div><div class=\"wpforms-field-row-block wpforms-one-half\"><input type=\"text\" id=\"wpforms-1265-field_1-last\" class=\"wpforms-field-name-last wpforms-field-required\" name=\"wpforms[fields][1][last]\" required><label for=\"wpforms-1265-field_1-last\" class=\"wpforms-field-sublabel after\">Last<\/label><\/div><\/div><\/div><div id=\"wpforms-1265-field_2-container\" class=\"wpforms-field wpforms-field-email\" data-field-id=\"2\"><label class=\"wpforms-field-label\" for=\"wpforms-1265-field_2\">E-mail <span class=\"wpforms-required-label\">*<\/span><\/label><input type=\"email\" id=\"wpforms-1265-field_2\" class=\"wpforms-field-medium wpforms-field-required\" name=\"wpforms[fields][2]\" spellcheck=\"false\" required><\/div>\t\t<div id=\"wpforms-1265-field_4-container\"\n\t\t\tclass=\"wpforms-field wpforms-field-text\"\n\t\t\tdata-field-type=\"text\"\n\t\t\tdata-field-id=\"4\"\n\t\t\t>\n\t\t\t<label class=\"wpforms-field-label\" for=\"wpforms-1265-field_4\" >Commentaire ou Num\u00e9ro<\/label>\n\t\t\t<input type=\"text\" id=\"wpforms-1265-field_4\" class=\"wpforms-field-medium\" name=\"wpforms[fields][4]\" >\n\t\t<\/div>\n\t\t<div id=\"wpforms-1265-field_8-container\" class=\"wpforms-field wpforms-field-text\" data-field-id=\"8\"><label class=\"wpforms-field-label\" for=\"wpforms-1265-field_8\">Num\u00e9ro de t\u00e9l\u00e9phone<\/label><input type=\"text\" id=\"wpforms-1265-field_8\" class=\"wpforms-field-medium\" name=\"wpforms[fields][8]\" ><\/div><div id=\"wpforms-1265-field_7-container\" class=\"wpforms-field wpforms-field-text\" data-field-id=\"7\"><label class=\"wpforms-field-label\" for=\"wpforms-1265-field_7\">Pays<\/label><input type=\"text\" id=\"wpforms-1265-field_7\" class=\"wpforms-field-medium\" name=\"wpforms[fields][7]\" ><\/div><div id=\"wpforms-1265-field_3-container\" class=\"wpforms-field wpforms-field-textarea\" data-field-id=\"3\"><label class=\"wpforms-field-label\" for=\"wpforms-1265-field_3\">Commentaire ou message <span class=\"wpforms-required-label\">*<\/span><\/label><textarea id=\"wpforms-1265-field_3\" class=\"wpforms-field-medium wpforms-field-required\" name=\"wpforms[fields][3]\" required><\/textarea><\/div><script>\n\t\t\t\t( function() {\n\t\t\t\t\tconst style = document.createElement( 'style' );\n\t\t\t\t\tstyle.appendChild( document.createTextNode( '#wpforms-1265-field_4-container { position: absolute !important; overflow: hidden !important; display: inline !important; height: 1px !important; width: 1px !important; z-index: -1000 !important; padding: 0 !important; } #wpforms-1265-field_4-container input { visibility: hidden; } #wpforms-conversational-form-page #wpforms-1265-field_4-container label { counter-increment: none; }' ) );\n\t\t\t\t\tdocument.head.appendChild( style );\n\t\t\t\t\tdocument.currentScript?.remove();\n\t\t\t\t} )();\n\t\t\t<\/script><\/div><!-- .wpforms-field-container --><div class=\"wpforms-submit-container\" ><input type=\"hidden\" name=\"wpforms[id]\" value=\"1265\"><input type=\"hidden\" name=\"page_title\" value=\"\"><input type=\"hidden\" name=\"page_url\" value=\"https:\/\/laconciergeriedelouise.com\/en_gb\/wp-json\/wp\/v2\/pages\/1242\"><input type=\"hidden\" name=\"url_referer\" value=\"\"><button type=\"submit\" name=\"wpforms[submit]\" id=\"wpforms-submit-1265\" class=\"wpforms-submit\" data-alt-text=\"Envoi...\" data-submit-text=\"Envoyer\" aria-live=\"assertive\" value=\"wpforms-submit\">Envoyer<\/button><img loading=\"lazy\" decoding=\"async\" src=\"https:\/\/laconciergeriedelouise.com\/wp-content\/plugins\/wpforms-lite\/assets\/images\/submit-spin.svg\" class=\"wpforms-submit-spinner\" style=\"display: none;\" width=\"26\" height=\"26\" alt=\"Loading\"><\/div><\/form><\/div>  <!-- .wpforms-container -->\n<\/div>\n\n\n\n<div class=\"wp-block-column is-layout-flow wp-block-column-is-layout-flow\">\n<div class=\"contact-info\" style=\"padding:30px; background:#f5f0eb; border-radius:8px;\">\n  <h3 style=\"color:#333; font-size:1.5rem; margin-bottom:20px;\">Nos coordonn\u00e9es<\/h3>\n  <p style=\"color:#555; font-size:1rem; line-height:1.8; margin-bottom:15px;\">\ud83d\udcde <strong>Elisabeth<\/strong> : <a href=\"tel:+33683147674\" style=\"color:#5F9EA0; text-decoration:none;\">06 83 14 76 74<\/a><\/p>\n  <p style=\"color:#555; font-size:1rem; line-height:1.8; margin-bottom:15px;\">\ud83d\udcde <strong>Anne-Catherine<\/strong> : <a href=\"tel:+33678045232\" style=\"color:#5F9EA0; text-decoration:none;\">06 78 04 52 32<\/a><\/p>\n  <p style=\"color:#555; font-size:1rem; line-height:1.8; margin-bottom:15px;\">\u2709 <a href=\"mailto:laconciergeriedelouise@gmail.com\" style=\"color:#5F9EA0; text-decoration:none;\">laconciergeriedelouise@gmail.com<\/a><\/p>\n  <p style=\"color:#555; font-size:1rem; line-height:1.8; margin-bottom:15px;\">\ud83d\udccd Zone artisanale La Croix Michaud<br>17630 La Flotte, \u00cele de R\u00e9<\/p>\n  <h3 style=\"color:#333; font-size:1.5rem; margin-top:30px; margin-bottom:20px;\">Horaires<\/h3>\n  <p style=\"color:#555; font-size:1rem; line-height:1.8; margin-bottom:15px;\">Disponibles 7j\/7 pendant la saison<br>Du lundi au vendredi hors saison<\/p>\n  <h3 style=\"color:#333; font-size:1.5rem; margin-top:30px; margin-bottom:20px;\">Suivez-nous<\/h3>\n  <p><a href=\"https:\/\/www.facebook.com\/profile.php?id=100090957006804\" target=\"_blank\" style=\"display:inline-flex; align-items:center; gap:8px; background:#5F9EA0; color:white; padding:10px 20px; border-radius:5px; text-decoration:none;\" rel=\"noopener\"><svg xmlns=\"http:\/\/www.w3.org\/2000\/svg\" width=\"18\" height=\"18\" viewBox=\"0 0 24 24\" fill=\"white\"><path d=\"M24 12.073c0-6.627-5.373-12-12-12s-12 5.373-12 12c0 5.99 4.388 10.954 10.125 11.854v-8.385H7.078v-3.47h3.047V9.43c0-3.007 1.792-4.669 4.533-4.669 1.312 0 2.686.235 2.686.235v2.953H15.83c-1.491 0-1.956.925-1.956 1.874v2.25h3.328l-.532 3.47h-2.796v8.385C19.612 23.027 24 18.062 24 12.073z\"\/><\/svg> Facebook<\/a><\/p>\n<\/div>\n<\/div>\n<\/div>\n\n\n\n<p><\/p>\n","protected":false},"excerpt":{"rendered":"<p>Envoyez-nous un message Une question sur nos locations ? Un projet de mise en location de votre bien sur l&rsquo;\u00cele de R\u00e9 ? N&rsquo;h\u00e9sitez pas \u00e0 nous \u00e9crire, nous vous r\u00e9pondrons dans les plus brefs d\u00e9lais. Nos coordonn\u00e9es \ud83d\udcde Elisabeth : 06 83 14 76 74 \ud83d\udcde Anne-Catherine : 06 78 04 52 32 \u2709 [&hellip;]<\/p>\n","protected":false},"author":1,"featured_media":0,"parent":0,"menu_order":0,"comment_status":"closed","ping_status":"closed","template":"","meta":{"_uag_custom_page_level_css":"","site-sidebar-layout":"default","site-content-layout":"","ast-site-content-layout":"default","site-content-style":"default","site-sidebar-style":"default","ast-global-header-display":"","ast-banner-title-visibility":"","ast-main-header-display":"","ast-hfb-above-header-display":"","ast-hfb-below-header-display":"","ast-hfb-mobile-header-display":"","site-post-title":"","ast-breadcrumbs-content":"","ast-featured-img":"","footer-sml-layout":"","ast-disable-related-posts":"","theme-transparent-header-meta":"","adv-header-id-meta":"","stick-header-meta":"","header-above-stick-meta":"","header-main-stick-meta":"","header-below-stick-meta":"","astra-migrate-meta-layouts":"set","ast-page-background-enabled":"default","ast-page-background-meta":{"desktop":{"background-color":"","background-image":"","background-repeat":"repeat","background-position":"center center","background-size":"auto","background-attachment":"scroll","background-type":"","background-media":"","overlay-type":"","overlay-color":"","overlay-opacity":"","overlay-gradient":""},"tablet":{"background-color":"","background-image":"","background-repeat":"repeat","background-position":"center center","background-size":"auto","background-attachment":"scroll","background-type":"","background-media":"","overlay-type":"","overlay-color":"","overlay-opacity":"","overlay-gradient":""},"mobile":{"background-color":"","background-image":"","background-repeat":"repeat","background-position":"center center","background-size":"auto","background-attachment":"scroll","background-type":"","background-media":"","overlay-type":"","overlay-color":"","overlay-opacity":"","overlay-gradient":""}},"ast-content-background-meta":{"desktop":{"background-color":"var(--ast-global-color-5)","background-image":"","background-repeat":"repeat","background-position":"center center","background-size":"auto","background-attachment":"scroll","background-type":"","background-media":"","overlay-type":"","overlay-color":"","overlay-opacity":"","overlay-gradient":""},"tablet":{"background-color":"var(--ast-global-color-5)","background-image":"","background-repeat":"repeat","background-position":"center center","background-size":"auto","background-attachment":"scroll","background-type":"","background-media":"","overlay-type":"","overlay-color":"","overlay-opacity":"","overlay-gradient":""},"mobile":{"background-color":"var(--ast-global-color-5)","background-image":"","background-repeat":"repeat","background-position":"center center","background-size":"auto","background-attachment":"scroll","background-type":"","background-media":"","overlay-type":"","overlay-color":"","overlay-opacity":"","overlay-gradient":""}},"footnotes":""},"class_list":["post-1242","page","type-page","status-publish","hentry"],"uagb_featured_image_src":{"full":false,"thumbnail":false,"medium":false,"medium_large":false,"large":false,"1536x1536":false,"2048x2048":false,"trp-custom-language-flag":false},"uagb_author_info":{"display_name":"admin2760","author_link":"https:\/\/laconciergeriedelouise.com\/en_gb\/author\/admin2760\/"},"uagb_comment_info":0,"uagb_excerpt":"Envoyez-nous un message Une question sur nos locations ? Un projet de mise en location de votre bien sur l&rsquo;\u00cele de R\u00e9 ? N&rsquo;h\u00e9sitez pas \u00e0 nous \u00e9crire, nous vous r\u00e9pondrons dans les plus brefs d\u00e9lais. Nos coordonn\u00e9es \ud83d\udcde Elisabeth : 06 83 14 76 74 \ud83d\udcde Anne-Catherine : 06 78 04 52 32 \u2709&hellip;","_links":{"self":[{"href":"https:\/\/laconciergeriedelouise.com\/en_gb\/wp-json\/wp\/v2\/pages\/1242","targetHints":{"allow":["GET"]}}],"collection":[{"href":"https:\/\/laconciergeriedelouise.com\/en_gb\/wp-json\/wp\/v2\/pages"}],"about":[{"href":"https:\/\/laconciergeriedelouise.com\/en_gb\/wp-json\/wp\/v2\/types\/page"}],"author":[{"embeddable":true,"href":"https:\/\/laconciergeriedelouise.com\/en_gb\/wp-json\/wp\/v2\/users\/1"}],"replies":[{"embeddable":true,"href":"https:\/\/laconciergeriedelouise.com\/en_gb\/wp-json\/wp\/v2\/comments?post=1242"}],"version-history":[{"count":19,"href":"https:\/\/laconciergeriedelouise.com\/en_gb\/wp-json\/wp\/v2\/pages\/1242\/revisions"}],"predecessor-version":[{"id":1329,"href":"https:\/\/laconciergeriedelouise.com\/en_gb\/wp-json\/wp\/v2\/pages\/1242\/revisions\/1329"}],"wp:attachment":[{"href":"https:\/\/laconciergeriedelouise.com\/en_gb\/wp-json\/wp\/v2\/media?parent=1242"}],"curies":[{"name":"wp","href":"https:\/\/api.w.org\/{rel}","templated":true}]}}